{"id":632,"date":"2024-02-24T12:30:52","date_gmt":"2024-02-24T11:30:52","guid":{"rendered":"https:\/\/lebelgequilit.com\/?page_id=632"},"modified":"2025-03-09T08:28:40","modified_gmt":"2025-03-09T07:28:40","slug":"recherche-par-maison-dedition","status":"publish","type":"page","link":"https:\/\/lebelgequilit.com\/index.php\/recherche-par-maison-dedition\/","title":{"rendered":"Recherche par maison d&rsquo;\u00e9dition"},"content":{"rendered":"\n<p>Faites votre recherche par ordre alphab\u00e9tique et cliquez sur la maison d&rsquo;\u00e9dition recherch\u00e9e  d\u00e9couvrez les livres et chroniques li\u00e9es.<br>Les maisons d&rsquo;\u00e9ditions belges poss\u00e8dent un \ud83c\udde7\ud83c\uddea \u00e0 c\u00f4t\u00e9 de leurs nom !<\/p>\n\n\n\n<h2 class=\"wp-block-heading\">A<\/h2>\n\n\n\n<ul class=\"wp-block-list\">\n<li><a href=\"https:\/\/lebelgequilit.com\/index.php\/tag\/academia-edition\/\ud83c\udde7\ud83c\uddea\" target=\"_blank\" rel=\"noopener\" title=\"\">Academia<\/a> \ud83c\udde7\ud83c\uddea <\/li>\n\n\n\n<li><strong><a href=\"https:\/\/lebelgequilit.com\/index.php\/tag\/auzou\/\" target=\"_blank\" rel=\"noopener\" title=\"\">Auzou<\/a><\/strong> \ud83c\udde7\ud83c\uddea <\/li>\n<\/ul>\n\n\n\n<h2 class=\"wp-block-heading\">D<\/h2>\n\n\n\n<ul class=\"wp-block-list\">\n<li><a href=\"https:\/\/lebelgequilit.com\/index.php\/tag\/f-deville-edition\/\" target=\"_blank\" rel=\"noopener\" title=\"\"><strong>f deville \u00e9dition<\/strong><\/a> \ud83c\udde7\ud83c\uddea<\/li>\n<\/ul>\n\n\n\n<h2 class=\"wp-block-heading\">E<\/h2>\n\n\n\n<ul class=\"wp-block-list\">\n<li><strong><a href=\"https:\/\/lebelgequilit.com\/index.php\/tag\/empaj-edition\/\" target=\"_blank\" rel=\"noopener\" title=\"\">Empaj Edition<\/a><\/strong> \ud83c\udde7\ud83c\uddea<\/li>\n<\/ul>\n\n\n\n<h2 class=\"wp-block-heading\">G<\/h2>\n\n\n\n<ul class=\"wp-block-list\">\n<li><strong><a href=\"https:\/\/lebelgequilit.com\/index.php\/tag\/genese\/\" target=\"_blank\" rel=\"noopener\" title=\"\">Gen\u00e8se Edition<\/a> <\/strong>\ud83c\udde7\ud83c\uddea<\/li>\n<\/ul>\n\n\n\n<h2 class=\"wp-block-heading\">H<\/h2>\n\n\n\n<ul class=\"wp-block-list\">\n<li><strong><a href=\"https:\/\/lebelgequilit.com\/index.php\/tag\/editions-heloise-dormesson\/\" target=\"_blank\" rel=\"noopener\" title=\"\">Heloise d&rsquo;Ormesson<\/a><\/strong><\/li>\n\n\n\n<li><strong><a href=\"https:\/\/lebelgequilit.com\/index.php\/tag\/herve-chopin-edition\/\" target=\"_blank\" rel=\"noopener\" title=\"\">Herv\u00e9 Chopin Edition<\/a><\/strong><\/li>\n<\/ul>\n\n\n\n<h2 class=\"wp-block-heading\">I<\/h2>\n\n\n\n<ul class=\"wp-block-list\">\n<li><strong><a href=\"https:\/\/lebelgequilit.com\/index.php\/tag\/ifs\/\" target=\"_blank\" rel=\"noopener\" title=\"\">IFS Edition<\/a><\/strong> \ud83c\udde7\ud83c\uddea<a href=\"\"><\/a><\/li>\n<\/ul>\n\n\n\n<h2 class=\"wp-block-heading\">K<\/h2>\n\n\n\n<ul class=\"wp-block-list\">\n<li><a href=\"https:\/\/lebelgequilit.com\/index.php\/tag\/le-ker-edition\/\" target=\"_blank\" rel=\"noopener\" title=\"\"><strong>Ker \u00e9ditions<\/strong><\/a> \ud83c\udde7\ud83c\uddea <\/li>\n<\/ul>\n\n\n\n<h2 class=\"wp-block-heading\">L<\/h2>\n\n\n\n<ul class=\"wp-block-list\">\n<li><strong>Lilys Edition<\/strong> \ud83c\udde7\ud83c\uddea <\/li>\n\n\n\n<li><strong>Lion Z&rsquo;ail\u00e9<\/strong> \ud83c\udde7\ud83c\uddea <\/li>\n<\/ul>\n\n\n\n<h2 class=\"wp-block-heading\">M<\/h2>\n\n\n\n<ul class=\"wp-block-list\">\n<li><strong>Marabout<\/strong><\/li>\n<\/ul>\n\n\n\n<h2 class=\"wp-block-heading\">S<\/h2>\n\n\n\n<ul class=\"wp-block-list\">\n<li><strong><a href=\"https:\/\/lebelgequilit.com\/index.php\/tag\/stock\/\" target=\"_blank\" rel=\"noopener\" title=\"\">Stock <\/a><\/strong><\/li>\n<\/ul>\n","protected":false},"excerpt":{"rendered":"<p>Faites votre recherche par ordre alphab\u00e9tique et cliquez sur la maison d&rsquo;\u00e9dition recherch\u00e9e d\u00e9couvrez les livres et chroniques li\u00e9es.Les maisons d&rsquo;\u00e9ditions belges poss\u00e8dent un \ud83c\udde7\ud83c\uddea \u00e0 c\u00f4t\u00e9 de leurs nom ! A D E G H I K L M S<\/p>\n","protected":false},"author":1,"featured_media":0,"parent":0,"menu_order":0,"comment_status":"closed","ping_status":"closed","template":"","meta":{"om_disable_all_campaigns":false,"_monsterinsights_skip_tracking":false,"_monsterinsights_sitenote_active":false,"_monsterinsights_sitenote_note":"","_monsterinsights_sitenote_category":0,"jetpack_post_was_ever_published":false,"iawp_total_views":10,"footnotes":""},"class_list":["post-632","page","type-page","status-publish","hentry"],"aioseo_notices":[],"acf":[],"jetpack_sharing_enabled":true,"_links":{"self":[{"href":"https:\/\/lebelgequilit.com\/index.php\/wp-json\/wp\/v2\/pages\/632","targetHints":{"allow":["GET"]}}],"collection":[{"href":"https:\/\/lebelgequilit.com\/index.php\/wp-json\/wp\/v2\/pages"}],"about":[{"href":"https:\/\/lebelgequilit.com\/index.php\/wp-json\/wp\/v2\/types\/page"}],"author":[{"embeddable":true,"href":"https:\/\/lebelgequilit.com\/index.php\/wp-json\/wp\/v2\/users\/1"}],"replies":[{"embeddable":true,"href":"https:\/\/lebelgequilit.com\/index.php\/wp-json\/wp\/v2\/comments?post=632"}],"version-history":[{"count":19,"href":"https:\/\/lebelgequilit.com\/index.php\/wp-json\/wp\/v2\/pages\/632\/revisions"}],"predecessor-version":[{"id":1168,"href":"https:\/\/lebelgequilit.com\/index.php\/wp-json\/wp\/v2\/pages\/632\/revisions\/1168"}],"wp:attachment":[{"href":"https:\/\/lebelgequilit.com\/index.php\/wp-json\/wp\/v2\/media?parent=632"}],"curies":[{"name":"wp","href":"https:\/\/api.w.org\/{rel}","templated":true}]}}