{"id":614,"date":"2024-02-24T11:59:36","date_gmt":"2024-02-24T10:59:36","guid":{"rendered":"https:\/\/lebelgequilit.com\/?page_id=614"},"modified":"2025-03-09T08:31:36","modified_gmt":"2025-03-09T07:31:36","slug":"recherche-par-auteur-2","status":"publish","type":"page","link":"https:\/\/lebelgequilit.com\/index.php\/recherche-par-auteur-2\/","title":{"rendered":"Recherche par auteur"},"content":{"rendered":"<div class=\"wp-block-image\">\n<figure class=\"alignright size-full is-resized\"><img fetchpriority=\"high\" decoding=\"async\" width=\"512\" height=\"512\" src=\"https:\/\/lebelgequilit.com\/wp-content\/uploads\/2024\/02\/34707.png\" alt=\"\" class=\"wp-image-626\" style=\"width:115px;height:auto\" srcset=\"https:\/\/lebelgequilit.com\/wp-content\/uploads\/2024\/02\/34707.png 512w, https:\/\/lebelgequilit.com\/wp-content\/uploads\/2024\/02\/34707-300x300.png 300w, https:\/\/lebelgequilit.com\/wp-content\/uploads\/2024\/02\/34707-150x150.png 150w\" sizes=\"(max-width: 512px) 100vw, 512px\" \/><\/figure>\n<\/div>\n\n\n<p>Faites votre recherche par ordre alphab\u00e9tique et cliquez sur nom de l&rsquo;auteur.e que vous recherchez et d\u00e9couvrez ses livres et mes chroniques li\u00e9es \u00e0 cet\/cette auteur.e.<br>les auteur.e.s belges poss\u00e8dent un \ud83c\udde7\ud83c\uddea \u00e0 c\u00f4t\u00e9 de leurs nom !<br><\/p>\n\n\n\n<h2 class=\"wp-block-heading\">C<\/h2>\n\n\n\n<ul class=\"wp-block-list\">\n<li><strong><a href=\"https:\/\/lebelgequilit.com\/index.php\/tag\/maxime-chattam\/\" target=\"_blank\" rel=\"noopener\" title=\"\">Maxime Chattam<\/a><\/strong> <\/li>\n\n\n\n<li><strong><a href=\"https:\/\/lebelgequilit.com\/index.php\/tag\/paul-colize\/\" target=\"_blank\" rel=\"noopener\" title=\"\">Paul Colize <\/a>\ud83c\udde7\ud83c\uddea<\/strong><br><\/li>\n<\/ul>\n\n\n\n<h2 class=\"wp-block-heading\">D<\/h2>\n\n\n\n<ul class=\"wp-block-list\">\n<li><strong><a href=\"https:\/\/lebelgequilit.com\/index.php\/tag\/bruno-dinant\/\" target=\"_blank\" rel=\"noopener\" title=\"\">Bruno Dinant <\/a>\ud83c\udde7\ud83c\uddea<\/strong><\/li>\n<\/ul>\n\n\n\n<h2 class=\"wp-block-heading\">E<\/h2>\n\n\n\n<ul class=\"wp-block-list\">\n<li><strong><a href=\"https:\/\/lebelgequilit.com\/index.php\/tag\/frederic-ernotte\/\" target=\"_blank\" rel=\"noopener\" title=\"\">Fr\u00e9d\u00e9ric Ernotte<\/a><\/strong> <strong>\ud83c\udde7\ud83c\uddea<\/strong><\/li>\n<\/ul>\n\n\n\n<h2 class=\"wp-block-heading\">G<\/h2>\n\n\n\n<ul class=\"wp-block-list\">\n<li><strong><a href=\"https:\/\/lebelgequilit.com\/index.php\/tag\/thomas-gunzig\/\" target=\"_blank\" rel=\"noopener\" title=\"Auteur : Thomas Gunzig\">Thomas Gunzig<\/a><\/strong> <strong>\ud83c\udde7\ud83c\uddea<\/strong><\/li>\n<\/ul>\n\n\n\n<h2 class=\"wp-block-heading\">L<\/h2>\n\n\n\n<ul class=\"wp-block-list\">\n<li><strong><a href=\"https:\/\/lebelgequilit.com\/index.php\/tag\/luc-leens\/\" target=\"_blank\" rel=\"noopener\" title=\"\">Luc Leens<\/a> \ud83c\udde7\ud83c\uddea<\/strong><\/li>\n\n\n\n<li><strong><a href=\"https:\/\/lebelgequilit.com\/index.php\/tag\/fabrice-lood\/\" target=\"_blank\" rel=\"noopener\" title=\"\">Fabrice Lood<\/a><\/strong> \ud83c\udde7\ud83c\uddea<\/li>\n\n\n\n<li><strong><a href=\"https:\/\/lebelgequilit.com\/index.php\/tag\/sophie-loodts\/\" target=\"_blank\" rel=\"noopener\" title=\"\">Sophie Loodts<\/a><\/strong> \ud83c\udde7\ud83c\uddea<\/li>\n<\/ul>\n\n\n\n<h2 class=\"wp-block-heading\">M<\/h2>\n\n\n\n<ul class=\"wp-block-list\">\n<li><a href=\"https:\/\/lebelgequilit.com\/index.php\/tag\/marc-meganck\/\" target=\"_blank\" rel=\"noopener\" title=\"\"><strong>Marc Meganck<\/strong><\/a> \ud83c\udde7\ud83c\uddea<\/li>\n\n\n\n<li><strong><a href=\"https:\/\/lebelgequilit.com\/index.php\/tag\/salvatore-minni\/\" title=\"\">Salvatore Minni<\/a><\/strong> \ud83c\udde7\ud83c\uddea<\/li>\n\n\n\n<li><strong><a href=\"https:\/\/lebelgequilit.com\/index.php\/tag\/christiania-moreau\/\" target=\"_blank\" rel=\"noopener\" title=\"\">Christiana Moreau<\/a><\/strong> \ud83c\udde7\ud83c\uddea<\/li>\n<\/ul>\n\n\n\n<h2 class=\"wp-block-heading\">P<\/h2>\n\n\n\n<ul class=\"wp-block-list\">\n<li><strong><a href=\"https:\/\/lebelgequilit.com\/index.php\/tag\/clarence-pitz\/\" target=\"_blank\" rel=\"noopener\" title=\"\">Clarence Pitz \ud83c\udde7\ud83c\uddea<\/a><\/strong><\/li>\n<\/ul>\n\n\n\n<h2 class=\"wp-block-heading\">V<\/h2>\n\n\n\n<p><\/p>\n\n\n\n<ul class=\"wp-block-list\">\n<li><strong>S<a href=\"https:\/\/lebelgequilit.com\/index.php\/tag\/sophie-van-der-stegen\/\" target=\"_blank\" rel=\"noopener\" title=\"\">ophie van der Stegen<\/a><\/strong> \ud83c\udde7\ud83c\uddea<\/li>\n\n\n\n<li><a href=\"https:\/\/lebelgequilit.com\/index.php\/tag\/henri-vernes\/\" target=\"_blank\" rel=\"noopener\" title=\"\"><strong>Henri Vernes<\/strong><\/a> \ud83c\udde7\ud83c\uddea<\/li>\n\n\n\n<li><strong><a href=\"https:\/\/lebelgequilit.com\/index.php\/tag\/kevin-v\/\" target=\"_blank\" rel=\"noopener\" title=\"\">Kevin V.<\/a><\/strong> \ud83c\udde7\ud83c\uddea<\/li>\n<\/ul>\n\n\n\n<h2 class=\"wp-block-heading\">T<\/h2>\n\n\n\n<ul class=\"wp-block-list\">\n<li><strong><a href=\"https:\/\/lebelgequilit.com\/index.php\/tag\/daphne-tamage\/\" target=\"_blank\" rel=\"noopener\" title=\"\">Daphn\u00e9 Tamage<\/a><\/strong> \ud83c\udde7\ud83c\uddea<\/li>\n<\/ul>\n\n\n\n<h2 class=\"wp-block-heading\">V<\/h2>\n\n\n\n<ul class=\"wp-block-list\">\n<li><a href=\"https:\/\/lebelgequilit.com\/index.php\/tag\/dominique-van-cotthem\/\" target=\"_blank\" rel=\"noopener\" title=\"\">Dominique van Cotthem<\/a> \ud83c\udde7\ud83c\uddea<\/li>\n<\/ul>\n\n\n\n<h2 class=\"wp-block-heading\">Z<\/h2>\n\n\n\n<ul class=\"wp-block-list\">\n<li><strong><a href=\"http:\/\/lebelgequilit.com\/index.php\/tag\/dominique-zachary\" target=\"_blank\" rel=\"noopener\" title=\"\">Dominique Zachary<\/a><\/strong> \ud83c\udde7\ud83c\uddea<\/li>\n<\/ul>\n","protected":false},"excerpt":{"rendered":"<p>Faites votre recherche par ordre alphab\u00e9tique et cliquez sur nom de l&rsquo;auteur.e que vous recherchez et d\u00e9couvrez ses livres et mes chroniques li\u00e9es \u00e0 cet\/cette auteur.e.les auteur.e.s belges poss\u00e8dent un \ud83c\udde7\ud83c\uddea \u00e0 c\u00f4t\u00e9 de leurs nom ! C D E G L M P V T V Z<\/p>\n","protected":false},"author":1,"featured_media":0,"parent":0,"menu_order":0,"comment_status":"closed","ping_status":"closed","template":"","meta":{"om_disable_all_campaigns":false,"_monsterinsights_skip_tracking":false,"_monsterinsights_sitenote_active":false,"_monsterinsights_sitenote_note":"","_monsterinsights_sitenote_category":0,"jetpack_post_was_ever_published":false,"iawp_total_views":38,"footnotes":""},"class_list":["post-614","page","type-page","status-publish","hentry"],"aioseo_notices":[],"acf":[],"jetpack_sharing_enabled":true,"_links":{"self":[{"href":"https:\/\/lebelgequilit.com\/index.php\/wp-json\/wp\/v2\/pages\/614","targetHints":{"allow":["GET"]}}],"collection":[{"href":"https:\/\/lebelgequilit.com\/index.php\/wp-json\/wp\/v2\/pages"}],"about":[{"href":"https:\/\/lebelgequilit.com\/index.php\/wp-json\/wp\/v2\/types\/page"}],"author":[{"embeddable":true,"href":"https:\/\/lebelgequilit.com\/index.php\/wp-json\/wp\/v2\/users\/1"}],"replies":[{"embeddable":true,"href":"https:\/\/lebelgequilit.com\/index.php\/wp-json\/wp\/v2\/comments?post=614"}],"version-history":[{"count":28,"href":"https:\/\/lebelgequilit.com\/index.php\/wp-json\/wp\/v2\/pages\/614\/revisions"}],"predecessor-version":[{"id":1169,"href":"https:\/\/lebelgequilit.com\/index.php\/wp-json\/wp\/v2\/pages\/614\/revisions\/1169"}],"wp:attachment":[{"href":"https:\/\/lebelgequilit.com\/index.php\/wp-json\/wp\/v2\/media?parent=614"}],"curies":[{"name":"wp","href":"https:\/\/api.w.org\/{rel}","templated":true}]}}