{"id":538,"date":"2024-02-21T20:37:38","date_gmt":"2024-02-21T19:37:38","guid":{"rendered":"https:\/\/lebelgequilit.com\/?page_id=538"},"modified":"2025-03-08T08:39:35","modified_gmt":"2025-03-08T07:39:35","slug":"la-boite-2","status":"publish","type":"page","link":"https:\/\/lebelgequilit.com\/index.php\/la-boite-2\/","title":{"rendered":"Mes Interviews"},"content":{"rendered":"\n<p>Je vous propose ici de retrouver les interviews men\u00e9es au sein de la Bo\u00eete !<br>Si cela vous plait, n&rsquo;h\u00e9sitez pas \u00e0 laisser un commentaire et vous abonner !<\/p>\n\n\n\n<p><\/p>\n\n\n\n<h2 class=\"wp-block-heading\">Interview de Caroline Wlomainck &#8211; Alice au paradis &#8211; Edition Lamiroy<\/h2>\n\n\n\n<figure class=\"wp-block-embed is-type-video is-provider-youtube wp-block-embed-youtube wp-embed-aspect-16-9 wp-has-aspect-ratio\"><div class=\"wp-block-embed__wrapper\">\n<iframe title=\"Dans les coulisses du livre Alice au Paradis avec Caroline Wlomainck\" width=\"500\" height=\"281\" src=\"https:\/\/www.youtube.com\/embed\/5FdpHmAgfBY?start=882&#038;feature=oembed\" frameborder=\"0\" allow=\"accelerometer; autoplay; clipboard-write; encrypted-media; gyroscope; picture-in-picture; web-share\" referrerpolicy=\"strict-origin-when-cross-origin\" allowfullscreen><\/iframe>\n<\/div><\/figure>\n\n\n\n<h2 class=\"wp-block-heading\">Interview de Marc Meganck &#8211; Vert Atlantique &#8211; Edition F. deville<\/h2>\n\n\n\n<figure class=\"wp-block-embed is-type-video is-provider-youtube wp-block-embed-youtube wp-embed-aspect-16-9 wp-has-aspect-ratio\"><div class=\"wp-block-embed__wrapper\">\n<iframe title=\"Plongez dans l&#039;univers de Vert Atlantique avec Marc Meganck\" width=\"500\" height=\"281\" src=\"https:\/\/www.youtube.com\/embed\/zMNXEsX5ac0?start=13&#038;feature=oembed\" frameborder=\"0\" allow=\"accelerometer; autoplay; clipboard-write; encrypted-media; gyroscope; picture-in-picture; web-share\" referrerpolicy=\"strict-origin-when-cross-origin\" allowfullscreen><\/iframe>\n<\/div><\/figure>\n\n\n\n<h4 class=\"wp-block-heading\">Interview de Brigitte Guilbau &#8211; Murmures sous la Surface &#8211; Lilys Edition<\/h4>\n\n\n\n<figure class=\"wp-block-embed is-type-video is-provider-youtube wp-block-embed-youtube wp-embed-aspect-16-9 wp-has-aspect-ratio\"><div class=\"wp-block-embed__wrapper\">\n<iframe title=\"Brigitte GUILBAU \/ Murmures sous la surface (Lilys Editions)\" width=\"500\" height=\"281\" src=\"https:\/\/www.youtube.com\/embed\/1qSlH_9rOek?feature=oembed\" frameborder=\"0\" allow=\"accelerometer; autoplay; clipboard-write; encrypted-media; gyroscope; picture-in-picture; web-share\" referrerpolicy=\"strict-origin-when-cross-origin\" allowfullscreen><\/iframe>\n<\/div><\/figure>\n","protected":false},"excerpt":{"rendered":"<p>Je vous propose ici de retrouver les interviews men\u00e9es au sein de la Bo\u00eete !Si cela vous plait, n&rsquo;h\u00e9sitez pas \u00e0 laisser un commentaire et vous abonner ! Interview de Caroline Wlomainck &#8211; Alice au paradis &#8211; Edition Lamiroy Interview de Marc Meganck &#8211; Vert Atlantique &#8211; Edition F. deville Interview de Brigitte Guilbau &#8211; Murmures sous la Surface &#8211; Lilys Edition<\/p>\n","protected":false},"author":1,"featured_media":0,"parent":0,"menu_order":0,"comment_status":"open","ping_status":"closed","template":"","meta":{"om_disable_all_campaigns":false,"_monsterinsights_skip_tracking":false,"_monsterinsights_sitenote_active":false,"_monsterinsights_sitenote_note":"","_monsterinsights_sitenote_category":0,"jetpack_post_was_ever_published":false,"iawp_total_views":14,"footnotes":""},"class_list":["post-538","page","type-page","status-publish","hentry"],"aioseo_notices":[],"acf":[],"jetpack_sharing_enabled":true,"_links":{"self":[{"href":"https:\/\/lebelgequilit.com\/index.php\/wp-json\/wp\/v2\/pages\/538","targetHints":{"allow":["GET"]}}],"collection":[{"href":"https:\/\/lebelgequilit.com\/index.php\/wp-json\/wp\/v2\/pages"}],"about":[{"href":"https:\/\/lebelgequilit.com\/index.php\/wp-json\/wp\/v2\/types\/page"}],"author":[{"embeddable":true,"href":"https:\/\/lebelgequilit.com\/index.php\/wp-json\/wp\/v2\/users\/1"}],"replies":[{"embeddable":true,"href":"https:\/\/lebelgequilit.com\/index.php\/wp-json\/wp\/v2\/comments?post=538"}],"version-history":[{"count":5,"href":"https:\/\/lebelgequilit.com\/index.php\/wp-json\/wp\/v2\/pages\/538\/revisions"}],"predecessor-version":[{"id":760,"href":"https:\/\/lebelgequilit.com\/index.php\/wp-json\/wp\/v2\/pages\/538\/revisions\/760"}],"wp:attachment":[{"href":"https:\/\/lebelgequilit.com\/index.php\/wp-json\/wp\/v2\/media?parent=538"}],"curies":[{"name":"wp","href":"https:\/\/api.w.org\/{rel}","templated":true}]}}