{"id":536,"date":"2024-02-21T20:37:12","date_gmt":"2024-02-21T19:37:12","guid":{"rendered":"https:\/\/lebelgequilit.com\/?page_id=536"},"modified":"2025-03-08T08:39:35","modified_gmt":"2025-03-08T07:39:35","slug":"la-boite","status":"publish","type":"page","link":"https:\/\/lebelgequilit.com\/index.php\/la-boite\/","title":{"rendered":"Mes Chroniques"},"content":{"rendered":"\n<p>Retrouvez ici mes chroniques faites dans la Bo\u00eete de Frederic Ernotte.<br>Je vous pr\u00e9sente des p\u00e9pites Belges et d&rsquo;autres choses, pour les petits et pour les grands!<br><\/p>\n\n\n\n<figure class=\"wp-block-embed is-type-video is-provider-youtube wp-block-embed-youtube wp-embed-aspect-16-9 wp-has-aspect-ratio\"><div class=\"wp-block-embed__wrapper\">\n<iframe title=\"Kid Noize, Christian Merveille, Ptit Bunny et le Commando des Pi\u00e8ces-\u00e0-Trou\" width=\"500\" height=\"281\" src=\"https:\/\/www.youtube.com\/embed\/NLWXzyLrfls?feature=oembed\" frameborder=\"0\" allow=\"accelerometer; autoplay; clipboard-write; encrypted-media; gyroscope; picture-in-picture; web-share\" referrerpolicy=\"strict-origin-when-cross-origin\" allowfullscreen><\/iframe>\n<\/div><\/figure>\n\n\n\n<figure class=\"wp-block-embed is-type-video is-provider-youtube wp-block-embed-youtube wp-embed-aspect-16-9 wp-has-aspect-ratio\"><div class=\"wp-block-embed__wrapper\">\n<iframe title=\"Lo\u00efc NOTTET \/ Les Aveugl\u00e9s - Le Palais des Murmures (Ed. Michel Lafon)\" width=\"500\" height=\"281\" src=\"https:\/\/www.youtube.com\/embed\/M7y-lsOgqsY?feature=oembed\" frameborder=\"0\" allow=\"accelerometer; autoplay; clipboard-write; encrypted-media; gyroscope; picture-in-picture; web-share\" referrerpolicy=\"strict-origin-when-cross-origin\" allowfullscreen><\/iframe>\n<\/div><\/figure>\n\n\n\n<figure class=\"wp-block-embed is-type-video is-provider-youtube wp-block-embed-youtube wp-embed-aspect-16-9 wp-has-aspect-ratio\"><div class=\"wp-block-embed__wrapper\">\n<iframe title=\"3 romans belges INCONTOURNABLES pour votre biblioth\u00e8que\" width=\"500\" height=\"281\" src=\"https:\/\/www.youtube.com\/embed\/3KvBRNDUVUA?feature=oembed\" frameborder=\"0\" allow=\"accelerometer; autoplay; clipboard-write; encrypted-media; gyroscope; picture-in-picture; web-share\" referrerpolicy=\"strict-origin-when-cross-origin\" allowfullscreen><\/iframe>\n<\/div><\/figure>\n\n\n\n<figure class=\"wp-block-embed is-type-video is-provider-youtube wp-block-embed-youtube wp-embed-aspect-16-9 wp-has-aspect-ratio\"><div class=\"wp-block-embed__wrapper\">\n<iframe title=\"Wendy Nazar\u00e9 \/ Les Flamboyants Bleus (Ed. Chronica)\" width=\"500\" height=\"281\" src=\"https:\/\/www.youtube.com\/embed\/qX2iskAo66Y?feature=oembed\" frameborder=\"0\" allow=\"accelerometer; autoplay; clipboard-write; encrypted-media; gyroscope; picture-in-picture; web-share\" referrerpolicy=\"strict-origin-when-cross-origin\" allowfullscreen><\/iframe>\n<\/div><\/figure>\n\n\n\n<figure class=\"wp-block-embed is-type-video is-provider-youtube wp-block-embed-youtube wp-embed-aspect-16-9 wp-has-aspect-ratio\"><div class=\"wp-block-embed__wrapper\">\n<iframe title=\"4 premiers romans de jeunes auteurs belges\" width=\"500\" height=\"281\" src=\"https:\/\/www.youtube.com\/embed\/jy5hMF35-7s?feature=oembed\" frameborder=\"0\" allow=\"accelerometer; autoplay; clipboard-write; encrypted-media; gyroscope; picture-in-picture; web-share\" referrerpolicy=\"strict-origin-when-cross-origin\" allowfullscreen><\/iframe>\n<\/div><\/figure>\n\n\n\n<figure class=\"wp-block-embed is-type-video is-provider-youtube wp-block-embed-youtube wp-embed-aspect-16-9 wp-has-aspect-ratio\"><div class=\"wp-block-embed__wrapper\">\n<iframe title=\"3 coups de coeur du Belge qui lit\" width=\"500\" height=\"281\" src=\"https:\/\/www.youtube.com\/embed\/wS18NDJq2iQ?feature=oembed\" frameborder=\"0\" allow=\"accelerometer; autoplay; clipboard-write; encrypted-media; gyroscope; picture-in-picture; web-share\" referrerpolicy=\"strict-origin-when-cross-origin\" allowfullscreen><\/iframe>\n<\/div><\/figure>\n\n\n\n<figure class=\"wp-block-embed is-type-video is-provider-youtube wp-block-embed-youtube wp-embed-aspect-16-9 wp-has-aspect-ratio\"><div class=\"wp-block-embed__wrapper\">\n<iframe title=\"Chroniques \/ Le Belge qui lit fait son carnaval\" width=\"500\" height=\"281\" src=\"https:\/\/www.youtube.com\/embed\/UpYrlcFkEgQ?feature=oembed\" frameborder=\"0\" allow=\"accelerometer; autoplay; clipboard-write; encrypted-media; gyroscope; picture-in-picture; web-share\" referrerpolicy=\"strict-origin-when-cross-origin\" allowfullscreen><\/iframe>\n<\/div><\/figure>\n\n\n\n<figure class=\"wp-block-embed is-type-video is-provider-youtube wp-block-embed-youtube wp-embed-aspect-16-9 wp-has-aspect-ratio\"><div class=\"wp-block-embed__wrapper\">\n<iframe title=\"3 Belges Lectures 2022 du Belge qui lit\" width=\"500\" height=\"281\" src=\"https:\/\/www.youtube.com\/embed\/yD8Hc1g-04E?start=1264&#038;feature=oembed\" frameborder=\"0\" allow=\"accelerometer; autoplay; clipboard-write; encrypted-media; gyroscope; picture-in-picture; web-share\" referrerpolicy=\"strict-origin-when-cross-origin\" allowfullscreen><\/iframe>\n<\/div><\/figure>\n","protected":false},"excerpt":{"rendered":"<p>Retrouvez ici mes chroniques faites dans la Bo\u00eete de Frederic Ernotte.Je vous pr\u00e9sente des p\u00e9pites Belges et d&rsquo;autres choses, pour les petits et pour les grands!<\/p>\n","protected":false},"author":1,"featured_media":0,"parent":0,"menu_order":0,"comment_status":"open","ping_status":"closed","template":"","meta":{"om_disable_all_campaigns":false,"_monsterinsights_skip_tracking":false,"_monsterinsights_sitenote_active":false,"_monsterinsights_sitenote_note":"","_monsterinsights_sitenote_category":0,"jetpack_post_was_ever_published":false,"iawp_total_views":30,"footnotes":""},"class_list":["post-536","page","type-page","status-publish","hentry"],"aioseo_notices":[],"acf":[],"jetpack_sharing_enabled":true,"_links":{"self":[{"href":"https:\/\/lebelgequilit.com\/index.php\/wp-json\/wp\/v2\/pages\/536","targetHints":{"allow":["GET"]}}],"collection":[{"href":"https:\/\/lebelgequilit.com\/index.php\/wp-json\/wp\/v2\/pages"}],"about":[{"href":"https:\/\/lebelgequilit.com\/index.php\/wp-json\/wp\/v2\/types\/page"}],"author":[{"embeddable":true,"href":"https:\/\/lebelgequilit.com\/index.php\/wp-json\/wp\/v2\/users\/1"}],"replies":[{"embeddable":true,"href":"https:\/\/lebelgequilit.com\/index.php\/wp-json\/wp\/v2\/comments?post=536"}],"version-history":[{"count":3,"href":"https:\/\/lebelgequilit.com\/index.php\/wp-json\/wp\/v2\/pages\/536\/revisions"}],"predecessor-version":[{"id":547,"href":"https:\/\/lebelgequilit.com\/index.php\/wp-json\/wp\/v2\/pages\/536\/revisions\/547"}],"wp:attachment":[{"href":"https:\/\/lebelgequilit.com\/index.php\/wp-json\/wp\/v2\/media?parent=536"}],"curies":[{"name":"wp","href":"https:\/\/api.w.org\/{rel}","templated":true}]}}