{"id":33,"date":"2018-06-21T22:02:12","date_gmt":"2018-06-21T22:02:12","guid":{"rendered":"http:\/\/themes.lucid-themes.com\/spirit-wp\/?page_id=33"},"modified":"2025-03-08T08:39:35","modified_gmt":"2025-03-08T07:39:35","slug":"qui-suis-je","status":"publish","type":"page","link":"https:\/\/lebelgequilit.com\/index.php\/qui-suis-je\/","title":{"rendered":"Bonjour et bienvenue !"},"content":{"rendered":"\n<p>Que vous soyez arriv\u00e9s ici par pur hasard ou par une curiosit\u00e9 intentionnelle, soyez les bienvenus dans cet espace d\u00e9di\u00e9 \u00e0 la richesse et \u00e0 la diversit\u00e9 de la litt\u00e9rature belge. <br>Je suis Thibault, Belge, papa de deux gar\u00e7ons et \u00e9poux d&rsquo;une femme extraordinaire. <br>Ing\u00e9nieur en \u00e9lectronique de formation, j&rsquo;aime travailler avec les math\u00e9matiques et les donn\u00e9es, ce qui me pousse \u00e0 comprendre et d\u00e9velopper des IA dans le monde professionnel et donc d&rsquo;\u00eatre critique sur pas mal de choses, notamment dans mes lectures, avis et chroniques.<br>Sur le c\u00f4t\u00e9, la lecture me permet d&rsquo; \u00ab\u00a0accumuler\u00a0\u00bb de l&rsquo;imagination pour ma passion pour l&rsquo;improvisation th\u00e9\u00e2trale ! D&rsquo;ailleurs, n&rsquo;h\u00e9sitez pas une seule seconde \u00e0 suivre mon \u00e9quipe : \u00ab\u00a0Les Spypois\u00a0\u00bb  et venir \u00e0 nos spectacles.<\/p>\n\n\n<div class=\"wp-block-image\">\n<figure class=\"aligncenter size-large is-resized\"><img fetchpriority=\"high\" decoding=\"async\" width=\"1024\" height=\"1024\" src=\"https:\/\/lebelgequilit.com\/wp-content\/uploads\/2024\/02\/IMG_0C451F570121-1-1024x1024.jpeg\" alt=\"\" class=\"wp-image-348\" style=\"width:316px;height:auto\" srcset=\"https:\/\/lebelgequilit.com\/wp-content\/uploads\/2024\/02\/IMG_0C451F570121-1-1024x1024.jpeg 1024w, https:\/\/lebelgequilit.com\/wp-content\/uploads\/2024\/02\/IMG_0C451F570121-1-300x300.jpeg 300w, https:\/\/lebelgequilit.com\/wp-content\/uploads\/2024\/02\/IMG_0C451F570121-1-150x150.jpeg 150w, https:\/\/lebelgequilit.com\/wp-content\/uploads\/2024\/02\/IMG_0C451F570121-1-768x768.jpeg 768w, https:\/\/lebelgequilit.com\/wp-content\/uploads\/2024\/02\/IMG_0C451F570121-1.jpeg 1080w\" sizes=\"(max-width: 1024px) 100vw, 1024px\" \/><\/figure>\n<\/div>\n\n\n<p>Avec ce le projet <strong>Le Belge qui lit<\/strong> je souhaite partager avec vous les tr\u00e9sors litt\u00e9raires de notre pays, les faire d\u00e9couvrir et les propager au plus grand nombre.<\/p>\n\n\n<div class=\"wp-block-image\">\n<figure class=\"aligncenter size-large is-resized\"><img decoding=\"async\" width=\"1424\" height=\"1424\" src=\"https:\/\/lebelgequilit.com\/wp-content\/uploads\/2024\/02\/Photoroom_20240220_112630-edited.jpg\" alt=\"\" class=\"wp-image-336\" style=\"width:327px;height:auto\" srcset=\"https:\/\/lebelgequilit.com\/wp-content\/uploads\/2024\/02\/Photoroom_20240220_112630-edited.jpg 1424w, https:\/\/lebelgequilit.com\/wp-content\/uploads\/2024\/02\/Photoroom_20240220_112630-edited-300x300.jpg 300w, https:\/\/lebelgequilit.com\/wp-content\/uploads\/2024\/02\/Photoroom_20240220_112630-edited-1024x1024.jpg 1024w, https:\/\/lebelgequilit.com\/wp-content\/uploads\/2024\/02\/Photoroom_20240220_112630-edited-150x150.jpg 150w, https:\/\/lebelgequilit.com\/wp-content\/uploads\/2024\/02\/Photoroom_20240220_112630-edited-768x768.jpg 768w\" sizes=\"(max-width: 1424px) 100vw, 1424px\" \/><\/figure>\n<\/div>\n\n\n<h2 class=\"wp-block-heading\"><strong>Exploration de la Litt\u00e9rature Belge:<\/strong><\/h2>\n\n\n\n<p>Je vous invite \u00e0 plonger avec moi dans un univers riche et captivant o\u00f9 je c\u00e9l\u00e8bre la diversit\u00e9, l&rsquo;originalit\u00e9 et la cr\u00e9ativit\u00e9 des auteurs belges. Ici, nous explorons les liens entre la litt\u00e9rature et la culture de notre magnifique pays. Que vous soyez amateur de lectures pour enfants ou de romans pour adultes, de grands classiques ou d&rsquo;auteurs moins connus, vous trouverez ici une s\u00e9lection diversifi\u00e9e qui saura satisfaire tous les go\u00fbts et tous les \u00e2ges.<\/p>\n\n\n\n<figure class=\"wp-block-pullquote\"><blockquote><p>En Belgique, on est chauvin, uniquement quand \u00e7a marche.<br>On a cette impression que si on est pas valid\u00e9 par la France, nous ne valons rien !<br>On oublie souvent qu&rsquo;on a rien \u00e0 envier aux autres !<\/p><cite>LE belge qui lit<\/cite><\/blockquote><\/figure>\n\n\n\n<p>Cette citation refl\u00e8te parfaitement la situation de la litt\u00e9rature belge. Trop souvent, seuls les auteurs les plus renomm\u00e9s sont mis en avant, mais ici, chaque talent a sa place.<\/p>\n\n\n\n<p>Je d\u00e9sire partager avec vous mes d\u00e9couvertes et mes coups de c\u0153ur litt\u00e9raires. Ensemble, partons \u00e0 la d\u00e9couverte des tr\u00e9sors cach\u00e9s de la litt\u00e9rature belge, laissant nos imaginations voyager aux quatre coins de nos r\u00eaves.<\/p>\n\n\n<div class=\"wp-block-image\">\n<figure class=\"aligncenter size-large is-resized\"><img decoding=\"async\" width=\"1024\" height=\"986\" src=\"https:\/\/lebelgequilit.com\/wp-content\/uploads\/2024\/10\/Logo_LBQL_Noir-1-1024x986.png\" alt=\"\" class=\"wp-image-1065\" style=\"width:354px;height:auto\" srcset=\"https:\/\/lebelgequilit.com\/wp-content\/uploads\/2024\/10\/Logo_LBQL_Noir-1-1024x986.png 1024w, https:\/\/lebelgequilit.com\/wp-content\/uploads\/2024\/10\/Logo_LBQL_Noir-1-300x289.png 300w, https:\/\/lebelgequilit.com\/wp-content\/uploads\/2024\/10\/Logo_LBQL_Noir-1-768x740.png 768w, https:\/\/lebelgequilit.com\/wp-content\/uploads\/2024\/10\/Logo_LBQL_Noir-1-1536x1479.png 1536w, https:\/\/lebelgequilit.com\/wp-content\/uploads\/2024\/10\/Logo_LBQL_Noir-1-2048x1973.png 2048w, https:\/\/lebelgequilit.com\/wp-content\/uploads\/2024\/10\/Logo_LBQL_Noir-1-1320x1271.png 1320w\" sizes=\"(max-width: 1024px) 100vw, 1024px\" \/><\/figure>\n<\/div>\n\n\n<h2 class=\"wp-block-heading\"><strong>Chroniques et \u00c9v\u00e9nements Litt\u00e9raires:<\/strong><\/h2>\n\n\n\n<p>En plus de ce blog, et de mon compte Instagram, je suis \u00e9galement chroniqueur dans l&rsquo;\u00e9mission \u00ab\u00a0La Bo\u00eete\u00a0\u00bb de Frederic Ernotte, un espace dynamique sur Twitch o\u00f9 sont organis\u00e9es des interviews, des quiz et des tables rondes sur le monde des livres. Chaque jeudi soir, je vous propose des chroniques et des interviews d&rsquo;auteurs belges. Rejoignez-nous pour ne manquer aucun de ces moments extraordinaires !<br><br>Cliquez ici pour \u00eatre curieux et vous abonner si vous voulez suivre cette aventure!<\/p>\n\n\n<div class=\"wp-block-image\">\n<figure class=\"aligncenter size-large is-resized\"><img loading=\"lazy\" decoding=\"async\" width=\"1024\" height=\"415\" src=\"https:\/\/lebelgequilit.com\/wp-content\/uploads\/2024\/02\/426171748_10228375079734327_5184679097174466677_n.png-1024x415.jpeg\" alt=\"\" class=\"wp-image-338\" style=\"width:507px;height:auto\" srcset=\"https:\/\/lebelgequilit.com\/wp-content\/uploads\/2024\/02\/426171748_10228375079734327_5184679097174466677_n.png-1024x415.jpeg 1024w, https:\/\/lebelgequilit.com\/wp-content\/uploads\/2024\/02\/426171748_10228375079734327_5184679097174466677_n.png-300x121.jpeg 300w, https:\/\/lebelgequilit.com\/wp-content\/uploads\/2024\/02\/426171748_10228375079734327_5184679097174466677_n.png-768x311.jpeg 768w, https:\/\/lebelgequilit.com\/wp-content\/uploads\/2024\/02\/426171748_10228375079734327_5184679097174466677_n.png-1536x622.jpeg 1536w, https:\/\/lebelgequilit.com\/wp-content\/uploads\/2024\/02\/426171748_10228375079734327_5184679097174466677_n.png.jpeg 1640w\" sizes=\"(max-width: 1024px) 100vw, 1024px\" \/><\/figure>\n<\/div>\n\n\n<ul class=\"wp-block-social-links aligncenter has-large-icon-size is-content-justification-center is-layout-flex wp-container-core-social-links-is-layout-16018d1d wp-block-social-links-is-layout-flex\"><li class=\"wp-social-link wp-social-link-twitch  wp-block-social-link\"><a href=\"https:\/\/www.twitch.tv\/fredericernotteauteur\/\" class=\"wp-block-social-link-anchor\"><svg width=\"24\" height=\"24\" viewBox=\"0 0 24 24\" version=\"1.1\" xmlns=\"http:\/\/www.w3.org\/2000\/svg\" aria-hidden=\"true\" focusable=\"false\"><path d=\"M16.499,8.089h-1.636v4.91h1.636V8.089z M12,8.089h-1.637v4.91H12V8.089z M4.228,3.178L3,6.451v13.092h4.499V22h2.456 l2.454-2.456h3.681L21,14.636V3.178H4.228z M19.364,13.816l-2.864,2.865H12l-2.453,2.453V16.68H5.863V4.814h13.501V13.816z\"><\/path><\/svg><span class=\"wp-block-social-link-label screen-reader-text\">Twitch<\/span><\/a><\/li>\n\n<li class=\"wp-social-link wp-social-link-facebook  wp-block-social-link\"><a href=\"https:\/\/www.facebook.com\/groups\/LaBoitedeFredericErnotte\" class=\"wp-block-social-link-anchor\"><svg width=\"24\" height=\"24\" viewBox=\"0 0 24 24\" version=\"1.1\" xmlns=\"http:\/\/www.w3.org\/2000\/svg\" aria-hidden=\"true\" focusable=\"false\"><path d=\"M12 2C6.5 2 2 6.5 2 12c0 5 3.7 9.1 8.4 9.9v-7H7.9V12h2.5V9.8c0-2.5 1.5-3.9 3.8-3.9 1.1 0 2.2.2 2.2.2v2.5h-1.3c-1.2 0-1.6.8-1.6 1.6V12h2.8l-.4 2.9h-2.3v7C18.3 21.1 22 17 22 12c0-5.5-4.5-10-10-10z\"><\/path><\/svg><span class=\"wp-block-social-link-label screen-reader-text\">Facebook<\/span><\/a><\/li><\/ul>\n\n\n\n<p><br><a href=\"\"><\/a><\/p>\n\n\n\n<h2 class=\"wp-block-heading\"><strong>Ce que Vous Trouverez ici:<\/strong><\/h2>\n\n\n\n<p>Plongez dans mes critiques et chroniques de livres qui vous guideront dans le choix de votre prochaine lecture. Des thrillers \u00e0 la po\u00e9sie en passant par la litt\u00e9rature jeunesse, je vous offre un aper\u00e7u honn\u00eate et perspicace des meilleurs livres belges.<\/p>\n\n\n\n<p>Restez inform\u00e9s des \u00e9v\u00e9nements litt\u00e9raires \u00e0 ne pas manquer, des salons du livre aux rencontres avec des auteurs, je vous tiendrai au courant des derni\u00e8res actualit\u00e9s et des opportunit\u00e9s de rencontrer vos auteurs pr\u00e9f\u00e9r\u00e9s en personne.<\/p>\n\n\n\n<p>D\u00e9couvrez les grands et petits noms de la litt\u00e9rature belge \u00e0 travers des portraits d&rsquo;auteurs, des interviews exclusives et des analyses approfondies.<\/p>\n\n\n\n<p>Enfin, engageons-nous dans des discussions passionnantes sur le livre belge dans son ensemble. Partagez vos coups de c\u0153ur, vos r\u00e9flexions et vos impressions, car c&rsquo;est en \u00e9changeant que nous enrichissons notre exp\u00e9rience de lecture.<\/p>\n\n\n\n<p>En conclusion, je vous invite \u00e0 venir r\u00e9guli\u00e8rement sur ce blog pour d\u00e9couvrir les nouveaut\u00e9s litt\u00e9raires belges et surtout, pour partager ensemble notre amour de la litt\u00e9rature.<\/p>\n\n\n\n<h2 class=\"wp-block-heading\">R\u00e9seaux sociaux<\/h2>\n\n\n\n<p>Retrouvez-moi sur ce blog, mais aussi sur les r\u00e9seau sociaux suivants (Instagram, Facebook et Threads), pour plus de contenus<\/p>\n\n\n\n<ul class=\"wp-block-social-links aligncenter has-large-icon-size is-layout-flex wp-block-social-links-is-layout-flex\"><li class=\"wp-social-link wp-social-link-facebook  wp-block-social-link\"><a href=\"https:\/\/www.facebook.com\/LeBelgeQuiLit\/\" class=\"wp-block-social-link-anchor\"><svg width=\"24\" height=\"24\" viewBox=\"0 0 24 24\" version=\"1.1\" xmlns=\"http:\/\/www.w3.org\/2000\/svg\" aria-hidden=\"true\" focusable=\"false\"><path d=\"M12 2C6.5 2 2 6.5 2 12c0 5 3.7 9.1 8.4 9.9v-7H7.9V12h2.5V9.8c0-2.5 1.5-3.9 3.8-3.9 1.1 0 2.2.2 2.2.2v2.5h-1.3c-1.2 0-1.6.8-1.6 1.6V12h2.8l-.4 2.9h-2.3v7C18.3 21.1 22 17 22 12c0-5.5-4.5-10-10-10z\"><\/path><\/svg><span class=\"wp-block-social-link-label screen-reader-text\">Facebook<\/span><\/a><\/li>\n\n<li class=\"wp-social-link wp-social-link-instagram  wp-block-social-link\"><a href=\"https:\/\/www.instagram.com\/lebelgequilit\/\" class=\"wp-block-social-link-anchor\"><svg width=\"24\" height=\"24\" viewBox=\"0 0 24 24\" version=\"1.1\" xmlns=\"http:\/\/www.w3.org\/2000\/svg\" aria-hidden=\"true\" focusable=\"false\"><path d=\"M12,4.622c2.403,0,2.688,0.009,3.637,0.052c0.877,0.04,1.354,0.187,1.671,0.31c0.42,0.163,0.72,0.358,1.035,0.673 c0.315,0.315,0.51,0.615,0.673,1.035c0.123,0.317,0.27,0.794,0.31,1.671c0.043,0.949,0.052,1.234,0.052,3.637 s-0.009,2.688-0.052,3.637c-0.04,0.877-0.187,1.354-0.31,1.671c-0.163,0.42-0.358,0.72-0.673,1.035 c-0.315,0.315-0.615,0.51-1.035,0.673c-0.317,0.123-0.794,0.27-1.671,0.31c-0.949,0.043-1.233,0.052-3.637,0.052 s-2.688-0.009-3.637-0.052c-0.877-0.04-1.354-0.187-1.671-0.31c-0.42-0.163-0.72-0.358-1.035-0.673 c-0.315-0.315-0.51-0.615-0.673-1.035c-0.123-0.317-0.27-0.794-0.31-1.671C4.631,14.688,4.622,14.403,4.622,12 s0.009-2.688,0.052-3.637c0.04-0.877,0.187-1.354,0.31-1.671c0.163-0.42,0.358-0.72,0.673-1.035 c0.315-0.315,0.615-0.51,1.035-0.673c0.317-0.123,0.794-0.27,1.671-0.31C9.312,4.631,9.597,4.622,12,4.622 M12,3 C9.556,3,9.249,3.01,8.289,3.054C7.331,3.098,6.677,3.25,6.105,3.472C5.513,3.702,5.011,4.01,4.511,4.511 c-0.5,0.5-0.808,1.002-1.038,1.594C3.25,6.677,3.098,7.331,3.054,8.289C3.01,9.249,3,9.556,3,12c0,2.444,0.01,2.751,0.054,3.711 c0.044,0.958,0.196,1.612,0.418,2.185c0.23,0.592,0.538,1.094,1.038,1.594c0.5,0.5,1.002,0.808,1.594,1.038 c0.572,0.222,1.227,0.375,2.185,0.418C9.249,20.99,9.556,21,12,21s2.751-0.01,3.711-0.054c0.958-0.044,1.612-0.196,2.185-0.418 c0.592-0.23,1.094-0.538,1.594-1.038c0.5-0.5,0.808-1.002,1.038-1.594c0.222-0.572,0.375-1.227,0.418-2.185 C20.99,14.751,21,14.444,21,12s-0.01-2.751-0.054-3.711c-0.044-0.958-0.196-1.612-0.418-2.185c-0.23-0.592-0.538-1.094-1.038-1.594 c-0.5-0.5-1.002-0.808-1.594-1.038c-0.572-0.222-1.227-0.375-2.185-0.418C14.751,3.01,14.444,3,12,3L12,3z M12,7.378 c-2.552,0-4.622,2.069-4.622,4.622S9.448,16.622,12,16.622s4.622-2.069,4.622-4.622S14.552,7.378,12,7.378z M12,15 c-1.657,0-3-1.343-3-3s1.343-3,3-3s3,1.343,3,3S13.657,15,12,15z M16.804,6.116c-0.596,0-1.08,0.484-1.08,1.08 s0.484,1.08,1.08,1.08c0.596,0,1.08-0.484,1.08-1.08S17.401,6.116,16.804,6.116z\"><\/path><\/svg><span class=\"wp-block-social-link-label screen-reader-text\">Instagram<\/span><\/a><\/li>\n\n<li class=\"wp-social-link wp-social-link-threads  wp-block-social-link\"><a href=\"https:\/\/www.threads.net\/@lebelgequilit\" class=\"wp-block-social-link-anchor\"><svg width=\"24\" height=\"24\" viewBox=\"0 0 24 24\" version=\"1.1\" xmlns=\"http:\/\/www.w3.org\/2000\/svg\" aria-hidden=\"true\" focusable=\"false\"><path d=\"M16.3 11.3c-.1 0-.2-.1-.2-.1-.1-2.6-1.5-4-3.9-4-1.4 0-2.6.6-3.3 1.7l1.3.9c.5-.8 1.4-1 2-1 .8 0 1.4.2 1.7.7.3.3.5.8.5 1.3-.7-.1-1.4-.2-2.2-.1-2.2.1-3.7 1.4-3.6 3.2 0 .9.5 1.7 1.3 2.2.7.4 1.5.6 2.4.6 1.2-.1 2.1-.5 2.7-1.3.5-.6.8-1.4.9-2.4.6.3 1 .8 1.2 1.3.4.9.4 2.4-.8 3.6-1.1 1.1-2.3 1.5-4.3 1.5-2.1 0-3.8-.7-4.8-2S5.7 14.3 5.7 12c0-2.3.5-4.1 1.5-5.4 1.1-1.3 2.7-2 4.8-2 2.2 0 3.8.7 4.9 2 .5.7.9 1.5 1.2 2.5l1.5-.4c-.3-1.2-.8-2.2-1.5-3.1-1.3-1.7-3.3-2.6-6-2.6-2.6 0-4.7.9-6 2.6C4.9 7.2 4.3 9.3 4.3 12s.6 4.8 1.9 6.4c1.4 1.7 3.4 2.6 6 2.6 2.3 0 4-.6 5.3-2 1.8-1.8 1.7-4 1.1-5.4-.4-.9-1.2-1.7-2.3-2.3zm-4 3.8c-1 .1-2-.4-2-1.3 0-.7.5-1.5 2.1-1.6h.5c.6 0 1.1.1 1.6.2-.2 2.3-1.3 2.7-2.2 2.7z\"\/><\/svg><span class=\"wp-block-social-link-label screen-reader-text\">Threads<\/span><\/a><\/li><\/ul>\n\n\n\n<p>Bienvenue dans l&rsquo;univers des tr\u00e9sors de la litt\u00e9rature belge , alors<strong> <\/strong><\/p>\n\n\n\n<figure class=\"wp-block-pullquote\"><blockquote><p>\u00ab\u00a0<strong>Lisez du belge, bordel! C&rsquo;est bon pour la sant\u00e9!<\/strong>\u00ab\u00a0<\/p><cite>le Belge qui lit<\/cite><\/blockquote><\/figure>\n\n\n\n<p>Thibault<\/p>\n\n\n\n<p><\/p>\n\n\n\n<p><\/p>\n\n\n\n<h2 class=\"wp-block-heading\"><br><\/h2>\n","protected":false},"excerpt":{"rendered":"<p>Que vous soyez arriv\u00e9s ici par pur hasard ou par une curiosit\u00e9 intentionnelle, soyez les bienvenus dans cet espace d\u00e9di\u00e9 \u00e0 la richesse et \u00e0 la diversit\u00e9 de la litt\u00e9rature belge. Je suis Thibault, Belge, papa de deux gar\u00e7ons et \u00e9poux d&rsquo;une femme extraordinaire. Ing\u00e9nieur en \u00e9lectronique de formation, j&rsquo;aime travailler avec les math\u00e9matiques et les donn\u00e9es, ce qui me pousse \u00e0 comprendre et d\u00e9velopper des IA dans le monde professionnel et donc d&rsquo;\u00eatre critique sur pas mal de choses, notamment dans mes lectures, avis et chroniques.Sur le c\u00f4t\u00e9, la lecture me permet d&rsquo; \u00ab\u00a0accumuler\u00a0\u00bb de l&rsquo;imagination pour ma passion pour l&rsquo;improvisation th\u00e9\u00e2trale ! D&rsquo;ailleurs, n&rsquo;h\u00e9sitez pas une seule seconde \u00e0 suivre mon \u00e9quipe : \u00ab\u00a0Les Spypois\u00a0\u00bb et venir \u00e0 nos spectacles. Avec ce le projet Le Belge qui lit je souhaite partager avec vous les tr\u00e9sors litt\u00e9raires de notre pays, les faire d\u00e9couvrir et les propager au plus grand nombre. Exploration de la Litt\u00e9rature Belge: Je vous invite \u00e0 plonger avec moi dans un univers riche et captivant o\u00f9 je c\u00e9l\u00e8bre la diversit\u00e9, l&rsquo;originalit\u00e9 et la cr\u00e9ativit\u00e9 des auteurs belges. Ici, nous explorons les liens entre la litt\u00e9rature et la culture de notre magnifique pays. Que vous soyez amateur de lectures pour enfants ou de romans pour adultes, de grands classiques ou d&rsquo;auteurs moins connus, vous trouverez ici une s\u00e9lection diversifi\u00e9e qui saura satisfaire tous les go\u00fbts et tous les \u00e2ges. En Belgique, on est chauvin, uniquement quand \u00e7a marche.On a cette impression que si on est pas valid\u00e9 par la France, nous ne valons rien !On oublie souvent qu&rsquo;on a rien \u00e0 envier aux autres ! LE belge qui lit Cette citation refl\u00e8te parfaitement la situation de la litt\u00e9rature belge. Trop souvent, seuls les auteurs les plus renomm\u00e9s sont mis en avant, mais ici, chaque talent a sa place. Je d\u00e9sire partager avec vous mes d\u00e9couvertes et mes coups de c\u0153ur litt\u00e9raires. Ensemble, partons \u00e0 la d\u00e9couverte des tr\u00e9sors cach\u00e9s de la litt\u00e9rature belge, laissant nos imaginations voyager aux quatre coins de nos r\u00eaves. Chroniques et \u00c9v\u00e9nements Litt\u00e9raires: En plus de ce blog, et de mon compte Instagram, je suis \u00e9galement chroniqueur dans l&rsquo;\u00e9mission \u00ab\u00a0La Bo\u00eete\u00a0\u00bb de Frederic Ernotte, un espace dynamique sur Twitch o\u00f9 sont organis\u00e9es des interviews, des quiz et des tables rondes sur le monde des livres. Chaque jeudi soir, je vous propose des chroniques et des interviews d&rsquo;auteurs belges. Rejoignez-nous pour ne manquer aucun de ces moments extraordinaires ! Cliquez ici pour \u00eatre curieux et vous abonner si vous voulez suivre cette aventure! Ce que Vous Trouverez ici: Plongez dans mes critiques et chroniques de livres qui vous guideront dans le choix de votre prochaine lecture. Des thrillers \u00e0 la po\u00e9sie en passant par la litt\u00e9rature jeunesse, je vous offre un aper\u00e7u honn\u00eate et perspicace des meilleurs livres belges. Restez inform\u00e9s des \u00e9v\u00e9nements litt\u00e9raires \u00e0 ne pas manquer, des salons du livre aux rencontres avec des auteurs, je vous tiendrai au courant des derni\u00e8res actualit\u00e9s et des opportunit\u00e9s de rencontrer vos auteurs pr\u00e9f\u00e9r\u00e9s en personne. D\u00e9couvrez les grands et petits noms de la litt\u00e9rature belge \u00e0 travers des portraits d&rsquo;auteurs, des interviews exclusives et des analyses approfondies. Enfin, engageons-nous dans des discussions passionnantes sur le livre belge dans son ensemble. Partagez vos coups de c\u0153ur, vos r\u00e9flexions et vos impressions, car c&rsquo;est en \u00e9changeant que nous enrichissons notre exp\u00e9rience de lecture. En conclusion, je vous invite \u00e0 venir r\u00e9guli\u00e8rement sur ce blog pour d\u00e9couvrir les nouveaut\u00e9s litt\u00e9raires belges et surtout, pour partager ensemble notre amour de la litt\u00e9rature. R\u00e9seaux sociaux Retrouvez-moi sur ce blog, mais aussi sur les r\u00e9seau sociaux suivants (Instagram, Facebook et Threads), pour plus de contenus Bienvenue dans l&rsquo;univers des tr\u00e9sors de la litt\u00e9rature belge , alors \u00ab\u00a0Lisez du belge, bordel! C&rsquo;est bon pour la sant\u00e9!\u00ab\u00a0 le Belge qui lit Thibault<\/p>\n","protected":false},"author":1,"featured_media":0,"parent":0,"menu_order":2,"comment_status":"open","ping_status":"closed","template":"","meta":{"om_disable_all_campaigns":false,"_monsterinsights_skip_tracking":false,"_monsterinsights_sitenote_active":false,"_monsterinsights_sitenote_note":"","_monsterinsights_sitenote_category":0,"jetpack_post_was_ever_published":false,"iawp_total_views":78,"footnotes":""},"class_list":["post-33","page","type-page","status-publish","hentry"],"aioseo_notices":[],"acf":[],"jetpack_sharing_enabled":true,"_links":{"self":[{"href":"https:\/\/lebelgequilit.com\/index.php\/wp-json\/wp\/v2\/pages\/33","targetHints":{"allow":["GET"]}}],"collection":[{"href":"https:\/\/lebelgequilit.com\/index.php\/wp-json\/wp\/v2\/pages"}],"about":[{"href":"https:\/\/lebelgequilit.com\/index.php\/wp-json\/wp\/v2\/types\/page"}],"author":[{"embeddable":true,"href":"https:\/\/lebelgequilit.com\/index.php\/wp-json\/wp\/v2\/users\/1"}],"replies":[{"embeddable":true,"href":"https:\/\/lebelgequilit.com\/index.php\/wp-json\/wp\/v2\/comments?post=33"}],"version-history":[{"count":27,"href":"https:\/\/lebelgequilit.com\/index.php\/wp-json\/wp\/v2\/pages\/33\/revisions"}],"predecessor-version":[{"id":1068,"href":"https:\/\/lebelgequilit.com\/index.php\/wp-json\/wp\/v2\/pages\/33\/revisions\/1068"}],"wp:attachment":[{"href":"https:\/\/lebelgequilit.com\/index.php\/wp-json\/wp\/v2\/media?parent=33"}],"curies":[{"name":"wp","href":"https:\/\/api.w.org\/{rel}","templated":true}]}}